{"id":313,"date":"2015-07-25T03:11:36","date_gmt":"2015-07-24T14:11:36","guid":{"rendered":"http:\/\/translation-clinic.com\/de\/?page_id=313"},"modified":"2015-08-13T23:00:15","modified_gmt":"2015-08-13T10:00:15","slug":"ueber-uns","status":"publish","type":"page","link":"https:\/\/translation-clinic.com\/de\/ueber-uns\/","title":{"rendered":"\u00dcber uns"},"content":{"rendered":"<p>[et_pb_section fullwidth=&#8220;on&#8220; specialty=&#8220;off&#8220; transparent_background=&#8220;off&#8220; background_color=&#8220;#00ae98&#8243; inner_shadow=&#8220;off&#8220; parallax=&#8220;off&#8220; parallax_method=&#8220;off&#8220; allow_player_pause=&#8220;off&#8220; padding_mobile=&#8220;off&#8220; make_fullwidth=&#8220;off&#8220; use_custom_width=&#8220;off&#8220; width_unit=&#8220;on&#8220; make_equal=&#8220;off&#8220; use_custom_gutter=&#8220;off&#8220;][et_pb_fullwidth_header admin_label=&#8220;Fullwidth Header&#8220; title=&#8220;\u00dcber uns&#8220; subhead=&#8220;Auf Translation Clinic beleuchten die Medizin\u00fcbersetzerinnen Imke Brodersen und Jayne Fox verschiedene Aspekte beim \u00dcbersetzen englisch- und deutschsprachiger medizinischer Texte.&#8220; background_layout=&#8220;dark&#8220; text_orientation=&#8220;left&#8220; header_fullscreen=&#8220;off&#8220; header_scroll_down=&#8220;off&#8220; parallax=&#8220;off&#8220; parallax_method=&#8220;off&#8220; content_orientation=&#8220;center&#8220; image_orientation=&#8220;center&#8220; custom_button_one=&#8220;off&#8220; button_one_letter_spacing=&#8220;0&#8243; button_one_use_icon=&#8220;default&#8220; button_one_icon_placement=&#8220;right&#8220; button_one_on_hover=&#8220;on&#8220; button_one_letter_spacing_hover=&#8220;0&#8243; custom_button_two=&#8220;off&#8220; button_two_letter_spacing=&#8220;0&#8243; button_two_use_icon=&#8220;default&#8220; button_two_icon_placement=&#8220;right&#8220; button_two_on_hover=&#8220;on&#8220; button_two_letter_spacing_hover=&#8220;0&#8243;] [\/et_pb_fullwidth_header][\/et_pb_section][et_pb_section fullwidth=&#8220;off&#8220; specialty=&#8220;off&#8220;][et_pb_row][et_pb_column type=&#8220;1_3&#8243;][et_pb_image admin_label=&#8220;Imke Brodersen photo&#8220; src=&#8220;http:\/\/translation-clinic.com\/wp-content\/uploads\/2014\/12\/TC_Imke-Brodersen.jpg&#8220; alt=&#8220;Imke Brodersen&#8220; title_text=&#8220;Imke Brodersen&#8220; show_in_lightbox=&#8220;off&#8220; url=&#8220;http:\/\/translation-clinic.com\/about\/imke-brodersen\/&#8220; url_new_window=&#8220;off&#8220; animation=&#8220;off&#8220; sticky=&#8220;off&#8220; align=&#8220;left&#8220; force_fullwidth=&#8220;off&#8220; always_center_on_mobile=&#8220;on&#8220; use_border_color=&#8220;off&#8220; border_color=&#8220;#ffffff&#8220; border_style=&#8220;solid&#8220;] [\/et_pb_image][\/et_pb_column][et_pb_column type=&#8220;2_3&#8243;][et_pb_text admin_label=&#8220;Text&#8220; background_layout=&#8220;light&#8220; text_orientation=&#8220;left&#8220; use_border_color=&#8220;off&#8220; border_color=&#8220;#ffffff&#8220; border_style=&#8220;solid&#8220;]<\/p>\n<h3>Imke Brodersen<\/h3>\n<p>Imke Brodersen \u00fcbersetzt seit \u00fcber 20 Jahren aus dem Englischen und Spanischen ins Deutsche. Ihre Spezialgebiete sind Medizin und Ern\u00e4hrung, Literatur und Urkunden\u00fcbersetzungen.<\/p>\n<p>Als Diplom\u00fcbersetzerin mit Fachrichtung Medizin geh\u00f6rt sie den deutschen \u00dcbersetzerverb\u00e4nden BD\u00dc und DV\u00dcD an. <a href=\"https:\/\/translation-clinic.com\/de\/ueber-uns\/imke-brodersen\/\">Mehr<\/a> \u2026<\/p>\n<p>Die Kontaktdaten f\u00fcr Imke finden Sie im Impressum ihrer Website: <a href=\"http:\/\/www.ib-trans.de\/m-imp.html\" target=\"_blank\">ib-trans.de<\/a> oder schreiben Sie eine E-Mail an info(at)ib-trans.de. Imke ist auch auf <a href=\"https:\/\/twitter.com\/germanbooktrans\" target=\"_blank\">Twitter<\/a> und <a href=\"https:\/\/www.facebook.com\/Imke.Brodersen.Translator\" target=\"_blank\">Facebook<\/a> aktiv.<\/p>\n<p>[\/et_pb_text][\/et_pb_column][\/et_pb_row][et_pb_row][et_pb_column type=&#8220;4_4&#8243;][et_pb_divider admin_label=&#8220;Divider&#8220; color=&#8220;#00ae98&#8243; show_divider=&#8220;on&#8220; divider_style=&#8220;solid&#8220; divider_position=&#8220;top&#8220; hide_on_mobile=&#8220;on&#8220;] [\/et_pb_divider][\/et_pb_column][\/et_pb_row][et_pb_row][et_pb_column type=&#8220;1_3&#8243;][et_pb_image admin_label=&#8220;Jayne Fox photo&#8220; src=&#8220;http:\/\/translation-clinic.com\/wp-content\/uploads\/2014\/12\/TC_jayne-fox-german-english-translator-2014-2.jpg&#8220; alt=&#8220;Jayne Fox&#8220; title_text=&#8220;Jayne Fox&#8220; show_in_lightbox=&#8220;off&#8220; url=&#8220;http:\/\/translation-clinic.com\/about\/jayne-fox\/&#8220; url_new_window=&#8220;off&#8220; animation=&#8220;off&#8220; sticky=&#8220;off&#8220; align=&#8220;left&#8220; force_fullwidth=&#8220;off&#8220; always_center_on_mobile=&#8220;on&#8220; use_border_color=&#8220;off&#8220; border_color=&#8220;#ffffff&#8220; border_style=&#8220;solid&#8220;] [\/et_pb_image][\/et_pb_column][et_pb_column type=&#8220;2_3&#8243;][et_pb_text admin_label=&#8220;Text&#8220; background_layout=&#8220;light&#8220; text_orientation=&#8220;left&#8220; use_border_color=&#8220;off&#8220; border_color=&#8220;#ffffff&#8220; border_style=&#8220;solid&#8220;]<\/p>\n<h3>Jayne Fox<\/h3>\n<p>Jayne Fox BSc (Hons) MITI \u00fcbersetzt seit \u00fcber zehn Jahren medizinische Texte aus dem Deutschen ins Englische. Ihr Schwerpunkt liegt auf Patientenkommunikation und \u00d6ffentlichkeitsarbeit f\u00fcr Kliniken und Gesundheitswesen.<\/p>\n<p><span style=\"line-height: 1.5;\">Jaynes Angebot umfasst die Redaktion und \u00dcbersetzung medizinischer Texte. Die britische Muttersprachlerin engagiert sich in den \u00dcbersetzerverb\u00e4nden ITI (Vereinigtes K\u00f6nigreich) und DV\u00dcD sowie in der European Medical Writers Association (EMWA).\u00a0<\/span><a style=\"line-height: 1.5;\" href=\"http:\/\/translation-clinic.de\/ueber-uns\/jayne-fox\">Mehr<\/a>\u00a0&#8230;<\/p>\n<p>Die Kontaktdaten f\u00fcr Jayne finden Sie auf ihrer Website: <a href=\"http:\/\/jfmedicaltranslation.com\/de\/kontakt\/legal-info\/\" target=\"_blank\">jfmedicaltranslation.com<\/a> oder schreiben Sie eine E-Mail an jayne(at)jfmedicaltranslation.com. Jayne ist auch auf <a href=\"https:\/\/twitter.com\/JFMedTrans\" target=\"_blank\">Twitter<\/a>, <a href=\"https:\/\/www.facebook.com\/pages\/Jayne-Fox-Medical-Translation\/733144433447522\" target=\"_blank\">Facebook<\/a> und <a href=\"https:\/\/plus.google.com\/u\/0\/116026067918182895119\/\" target=\"_blank\">Google+<\/a> aktiv.<\/p>\n<p>[\/et_pb_text][\/et_pb_column][\/et_pb_row][\/et_pb_section]<\/p>\n","protected":false},"excerpt":{"rendered":"<p><div class=\"et_pb_row et_pb_row_0 et_pb_row_empty\">\n\t\t\t\t\n\t\t\t\t\n\t\t\t\t\n\t\t\t\t\n\t\t\t\t\n\t\t\t<\/div> Imke Brodersen Imke Brodersen \u00fcbersetzt seit \u00fcber 20 Jahren aus dem Englischen und Spanischen ins Deutsche. Ihre Spezialgebiete sind Medizin und Ern\u00e4hrung, Literatur und Urkunden\u00fcbersetzungen. Als Diplom\u00fcbersetzerin mit Fachrichtung Medizin geh\u00f6rt sie den deutschen \u00dcbersetzerverb\u00e4nden BD\u00dc und DV\u00dcD an. Mehr \u2026 Die Kontaktdaten f\u00fcr Imke finden Sie im Impressum ihrer Website: ib-trans.de oder schreiben [&hellip;]<\/p>\n","protected":false},"author":1,"featured_media":0,"parent":0,"menu_order":20,"comment_status":"open","ping_status":"open","template":"","meta":{"_et_pb_use_builder":"on","_et_pb_old_content":"<p>[et_pb_section fullwidth=\"on\" specialty=\"off\" transparent_background=\"off\" background_color=\"#00ae98\" inner_shadow=\"off\" parallax=\"off\" parallax_method=\"off\" allow_player_pause=\"off\" padding_mobile=\"off\" make_fullwidth=\"off\" use_custom_width=\"off\" width_unit=\"on\" make_equal=\"off\" use_custom_gutter=\"off\"][et_pb_fullwidth_header admin_label=\"Fullwidth Header\" title=\"About us\" subhead=\"The Translation Clinic is an exploration of Medical translation and writing in English and German, by medical translators Imke Brodersen and Jayne Fox. \" background_layout=\"dark\" text_orientation=\"left\" header_fullscreen=\"off\" header_scroll_down=\"off\" parallax=\"off\" parallax_method=\"off\" content_orientation=\"center\" image_orientation=\"center\" custom_button_one=\"off\" button_one_letter_spacing=\"0\" button_one_use_icon=\"default\" button_one_icon_placement=\"right\" button_one_on_hover=\"on\" button_one_letter_spacing_hover=\"0\" custom_button_two=\"off\" button_two_letter_spacing=\"0\" button_two_use_icon=\"default\" button_two_icon_placement=\"right\" button_two_on_hover=\"on\" button_two_letter_spacing_hover=\"0\"] [\/et_pb_fullwidth_header][\/et_pb_section][et_pb_section fullwidth=\"off\" specialty=\"off\"][et_pb_row][et_pb_column type=\"1_3\"][et_pb_image admin_label=\"Jayne Fox photo\" src=\"http:\/\/translation-clinic.com\/wp-content\/uploads\/2014\/12\/TC_jayne-fox-german-english-translator-2014-2.jpg\" alt=\"Jayne Fox\" title_text=\"Jayne Fox\" show_in_lightbox=\"off\" url=\"http:\/\/translation-clinic.com\/about\/jayne-fox\/\" url_new_window=\"off\" animation=\"off\" sticky=\"off\" align=\"left\" force_fullwidth=\"off\" always_center_on_mobile=\"on\" use_border_color=\"off\" border_color=\"#ffffff\" border_style=\"solid\"] [\/et_pb_image][\/et_pb_column][et_pb_column type=\"2_3\"][et_pb_text admin_label=\"Text\" background_layout=\"light\" text_orientation=\"left\" use_border_color=\"off\" border_color=\"#ffffff\" border_style=\"solid\"]<\/p><h3>Jayne Fox<\/h3><p>Jayne Fox BSc (Hons) MITI is a German-English medical and technical translator with over 10 years of experience in translating clinical, health care and patient communications and medical practice marketing.<\/p><p>A native English speaker, medical editor and qualified translator, Jayne is an active member of the ITI and DV\u00dcD associations for translators and the European Medical Writers Association (EMWA). <a href=\"http:\/\/translation-clinic.com\/about\/jayne-fox\/\">More\u2026<\/a><\/p><p>You can contact Jayne via her website: <a href=\"http:\/\/jfmedicaltranslation.com\/\" target=\"_blank\">jfmedicaltranslation.com<\/a> or email her at jayne(at)jfmedicaltranslation.com<\/p><p>[\/et_pb_text][\/et_pb_column][\/et_pb_row][et_pb_row][et_pb_column type=\"4_4\"][et_pb_divider admin_label=\"Divider\" color=\"#00ae98\" show_divider=\"on\" divider_style=\"solid\" divider_position=\"top\" hide_on_mobile=\"on\" \/][\/et_pb_column][\/et_pb_row][et_pb_row][et_pb_column type=\"1_3\"][et_pb_image admin_label=\"Imke Brodersen photo\" src=\"http:\/\/translation-clinic.com\/wp-content\/uploads\/2014\/12\/TC_Imke-Brodersen.jpg\" alt=\"Imke Brodersen\" title_text=\"Imke Brodersen\" show_in_lightbox=\"off\" url=\"http:\/\/translation-clinic.com\/about\/imke-brodersen\/\" url_new_window=\"off\" animation=\"off\" sticky=\"off\" align=\"left\" force_fullwidth=\"off\" always_center_on_mobile=\"on\" use_border_color=\"off\" border_color=\"#ffffff\" border_style=\"solid\"] [\/et_pb_image][\/et_pb_column][et_pb_column type=\"2_3\"][et_pb_text admin_label=\"Text\" background_layout=\"light\" text_orientation=\"left\" use_border_color=\"off\" border_color=\"#ffffff\" border_style=\"solid\"]<\/p><h3>Imke Brodersen<\/h3><p>Imke Brodersen has over 20 years of experience as a translator from English and Spanish into German, focusing on medicine, literature and the translation of official documents.<\/p><p>A certified translator and specialist in medical translation, she is a member of the German BD\u00dc and DV\u00dcD associations for translators. <a href=\"http:\/\/translation-clinic.com\/about\/imke-brodersen\/\">More\u2026<\/a><\/p><p>You can contact Imke via her website: <a href=\"http:\/\/www.ib-trans.de\/\" target=\"_blank\">ib-trans.de<\/a> or email her at info(at)ib-trans.de<\/p><p>[\/et_pb_text][\/et_pb_column][\/et_pb_row][\/et_pb_section]<\/p>","_et_gb_content_width":"","footnotes":""},"_links":{"self":[{"href":"https:\/\/translation-clinic.com\/de\/wp-json\/wp\/v2\/pages\/313"}],"collection":[{"href":"https:\/\/translation-clinic.com\/de\/wp-json\/wp\/v2\/pages"}],"about":[{"href":"https:\/\/translation-clinic.com\/de\/wp-json\/wp\/v2\/types\/page"}],"author":[{"embeddable":true,"href":"https:\/\/translation-clinic.com\/de\/wp-json\/wp\/v2\/users\/1"}],"replies":[{"embeddable":true,"href":"https:\/\/translation-clinic.com\/de\/wp-json\/wp\/v2\/comments?post=313"}],"version-history":[{"count":0,"href":"https:\/\/translation-clinic.com\/de\/wp-json\/wp\/v2\/pages\/313\/revisions"}],"wp:attachment":[{"href":"https:\/\/translation-clinic.com\/de\/wp-json\/wp\/v2\/media?parent=313"}],"curies":[{"name":"wp","href":"https:\/\/api.w.org\/{rel}","templated":true}]}}