{"id":315,"date":"2015-07-25T04:21:18","date_gmt":"2015-07-24T15:21:18","guid":{"rendered":"http:\/\/translation-clinic.com\/de\/?page_id=315"},"modified":"2022-12-22T16:19:33","modified_gmt":"2022-12-22T03:19:33","slug":"jayne-fox","status":"publish","type":"page","link":"https:\/\/translation-clinic.com\/de\/ueber-uns\/jayne-fox\/","title":{"rendered":"Jayne Fox"},"content":{"rendered":"<p>[et_pb_section fb_built=&#8220;1&#8243; fullwidth=&#8220;on&#8220; custom_padding_last_edited=&#8220;on|desktop&#8220; admin_label=&#8220;section&#8220; _builder_version=&#8220;4.16&#8243; background_color=&#8220;#00ae98&#8243; custom_padding_tablet=&#8220;50px|0|50px|0&#8243; transparent_background=&#8220;off&#8220; padding_mobile=&#8220;off&#8220; make_fullwidth=&#8220;off&#8220; use_custom_width=&#8220;off&#8220; width_unit=&#8220;on&#8220; global_colors_info=&#8220;{}&#8220; custom_padding_phone=&#8220;50px|0|50px|0&#8243;][et_pb_fullwidth_header title=&#8220;Jayne Fox&#8220; subhead=&#8220;BSc (Hons) MITI &#8220; content_max_width=&#8220;none&#8220; admin_label=&#8220;Fullwidth Header&#8220; _builder_version=&#8220;4.16&#8243; background_color=&#8220;rgba(255, 255, 255, 0)&#8220; button_one_letter_spacing_hover=&#8220;0&#8243; button_two_letter_spacing_hover=&#8220;0&#8243; global_colors_info=&#8220;{}&#8220; button_one_text_size__hover_enabled=&#8220;off&#8220; button_two_text_size__hover_enabled=&#8220;off&#8220; button_one_text_color__hover_enabled=&#8220;off&#8220; button_two_text_color__hover_enabled=&#8220;off&#8220; button_one_border_width__hover_enabled=&#8220;off&#8220; button_two_border_width__hover_enabled=&#8220;off&#8220; button_one_border_color__hover_enabled=&#8220;off&#8220; button_two_border_color__hover_enabled=&#8220;off&#8220; button_one_border_radius__hover_enabled=&#8220;off&#8220; button_two_border_radius__hover_enabled=&#8220;off&#8220; button_one_letter_spacing__hover_enabled=&#8220;on&#8220; button_one_letter_spacing__hover=&#8220;0&#8243; button_two_letter_spacing__hover_enabled=&#8220;on&#8220; button_two_letter_spacing__hover=&#8220;0&#8243; button_one_bg_color__hover_enabled=&#8220;off&#8220; button_two_bg_color__hover_enabled=&#8220;off&#8220;][\/et_pb_fullwidth_header][\/et_pb_section][et_pb_section fb_built=&#8220;1&#8243; admin_label=&#8220;section&#8220; _builder_version=&#8220;4.16&#8243; global_colors_info=&#8220;{}&#8220;][et_pb_row admin_label=&#8220;row&#8220; _builder_version=&#8220;4.16&#8243; background_size=&#8220;initial&#8220; background_position=&#8220;top_left&#8220; background_repeat=&#8220;repeat&#8220; global_colors_info=&#8220;{}&#8220; column_structure=&#8220;1_3,2_3&#8243;][et_pb_column type=&#8220;1_3&#8243; _builder_version=&#8220;4.16&#8243; custom_padding=&#8220;|||&#8220; global_colors_info=&#8220;{}&#8220; custom_padding__hover=&#8220;|||&#8220;][et_pb_image src=&#8220;http:\/\/translation-clinic.com\/wp-content\/uploads\/2022\/12\/Jayne-Fox1-513.jpg&#8220; alt=&#8220;Jayne Fox Fach\u00fcbersetzerin Deutsch-Englisch &#8220; title_text=&#8220;Jayne-Fox1-513&#8243; align_tablet=&#8220;center&#8220; align_last_edited=&#8220;on|desktop&#8220; admin_label=&#8220;Image&#8220; _builder_version=&#8220;4.19.4&#8243; hover_enabled=&#8220;0&#8243; use_border_color=&#8220;off&#8220; border_color=&#8220;#ffffff&#8220; border_style=&#8220;solid&#8220; animation=&#8220;off&#8220; sticky=&#8220;off&#8220; always_center_on_mobile=&#8220;on&#8220; global_colors_info=&#8220;{}&#8220; sticky_enabled=&#8220;0&#8243; align_phone=&#8220;center&#8220;][\/et_pb_image][\/et_pb_column][et_pb_column type=&#8220;2_3&#8243; _builder_version=&#8220;4.16&#8243; custom_padding=&#8220;|||&#8220; global_colors_info=&#8220;{}&#8220; custom_padding__hover=&#8220;|||&#8220;][et_pb_text admin_label=&#8220;Text&#8220; _builder_version=&#8220;4.16&#8243; background_size=&#8220;initial&#8220; background_position=&#8220;top_left&#8220; background_repeat=&#8220;repeat&#8220; use_border_color=&#8220;off&#8220; border_color=&#8220;#ffffff&#8220; border_style=&#8220;solid&#8220; global_colors_info=&#8220;{}&#8220;]<\/p>\n<p>Jayne Fox BSc (Hons) MITI \u00fcbersetzt seit \u00fcber zehn Jahren medizinische Texte aus dem Deutschen ins Englische. Ihr Schwerpunkt liegt auf Patientenkommunikation und \u00d6ffentlichkeitsarbeit f\u00fcr Kliniken und Gesundheitswesen..<\/p>\n<p>Jaynes Angebot umfasst die Redaktion und \u00dcbersetzung medizinischer Texte. Sie ist aktives und qualifiziertes Mitglied im britischen \u00dcbersetzerverband ITI und im Bundesverband der Dolmetscher und \u00dcbersetzer e. V. (BD\u00dc)\u00a0sowie in der European Medical Writers Association (EMWA).<\/p>\n<p>Jayne Fox \u00fcbersetzt Informationsmaterial und Marketingunterlagen f\u00fcr die \u00d6ffentlichkeitsarbeit im Klinikbereich ins Englische, insbesondere in den Bereichen Brustkrebs, Gesundheitsf\u00f6rderung und \u00f6ffentliches Gesundheitswesen. Zu ihren Kunden z\u00e4hlen Kliniken in Deutschland und in der Schweiz, Arztpraxen und Beh\u00f6rden.<\/p>\n<p>Als erfahrene Texterin sorgt Jayne zudem f\u00fcr die professionelle Au\u00dfendarstellung f\u00fchrender Universit\u00e4ten und Organisationen in Medizin, Wissenschaft und Technologie.<\/p>\n<p>Ihr naturwissenschaftliches Studium an der englischen Universit\u00e4t Newcastle hat sie mit dem Bachelor of Science mit Auszeichnung abgeschlossen. Vor ihrer T\u00e4tigkeit als freiberufliche \u00dcbersetzerin hat sie in Deutschland und in der Schweiz wertvolle Erfahrungen als technische Redakteurin und zertifizierte Sprachlehrerin f\u00fcr Englisch als Fremdsprache gesammelt.<\/p>\n<p><span style=\"line-height: 1.5;\">Weitere Informationen zu Jayne Fox finden Sie auf <\/span><a style=\"line-height: 1.5;\" href=\"http:\/\/jfmedicaltranslation.com\/\" target=\"_blank\" rel=\"noopener\">jfmedicaltranslation.com<\/a><span style=\"line-height: 1.5;\">.<\/span><\/p>\n<p>Oder Sie senden eine E-Mail an jayne(at)jayne-fox.com.<\/p>\n<p>[\/et_pb_text][\/et_pb_column][\/et_pb_row][\/et_pb_section]<\/p>\n","protected":false},"excerpt":{"rendered":"<p>Jayne Fox ist Medizin\u00fcbersetzerin (Deutsch-Englisch) und Autorin f\u00fcr Translation Clinic.<\/p>\n","protected":false},"author":1,"featured_media":1201,"parent":313,"menu_order":10,"comment_status":"open","ping_status":"open","template":"","meta":{"_et_pb_use_builder":"on","_et_pb_old_content":"<p>[et_pb_section fullwidth=\"on\" specialty=\"off\" transparent_background=\"off\" background_color=\"#00ae98\" inner_shadow=\"off\" parallax=\"off\" parallax_method=\"off\" allow_player_pause=\"off\" padding_mobile=\"off\" make_fullwidth=\"off\" use_custom_width=\"off\" width_unit=\"on\" make_equal=\"off\" use_custom_gutter=\"off\"][et_pb_fullwidth_header admin_label=\"Fullwidth Header\" title=\"Jayne Fox\" subhead=\"BSc (Hons) MITI \" background_layout=\"dark\" text_orientation=\"left\" header_fullscreen=\"off\" header_scroll_down=\"off\" parallax=\"off\" parallax_method=\"off\" content_orientation=\"center\" image_orientation=\"center\" custom_button_one=\"off\" button_one_letter_spacing=\"0\" button_one_use_icon=\"default\" button_one_icon_placement=\"right\" button_one_on_hover=\"on\" button_one_letter_spacing_hover=\"0\" custom_button_two=\"off\" button_two_letter_spacing=\"0\" button_two_use_icon=\"default\" button_two_icon_placement=\"right\" button_two_on_hover=\"on\" button_two_letter_spacing_hover=\"0\"] [\/et_pb_fullwidth_header][\/et_pb_section][et_pb_section][et_pb_row][et_pb_column type=\"1_3\"][et_pb_image admin_label=\"Image\" src=\"http:\/\/translation-clinic.com\/wp-content\/uploads\/2014\/12\/TC_jayne-fox-german-english-translator-2014-2.jpg\" alt=\"Jayne Fox\" title_text=\"Jayne Fox\" show_in_lightbox=\"off\" url_new_window=\"off\" animation=\"off\" sticky=\"off\" align=\"left\" force_fullwidth=\"off\" always_center_on_mobile=\"on\" use_border_color=\"off\" border_color=\"#ffffff\" border_style=\"solid\"] [\/et_pb_image][\/et_pb_column][et_pb_column type=\"2_3\"][et_pb_text admin_label=\"Text\" background_layout=\"light\" text_orientation=\"left\" use_border_color=\"off\" border_color=\"#ffffff\" border_style=\"solid\"]<\/p><p>Jayne Fox BSc (Hons) MITI is a German-English medical and technical translator with over 10 years of experience in translating clinical, health care and patient communications and medical practice marketing.<\/p><p>A native English speaker, medical editor and qualified translator, Jayne is an active member of the ITI and DV\u00dcD associations for translators and the European Medical Writers Association (EMWA).<\/p><p>Jayne\u2019s focus is on translating health information and clinic marketing aimed at patients and the general public, particularly in the fields of orthopaedics, breast cancer, aesthetic surgery, psychiatry and public health. Her clients include German and Swiss clinics and private practices as well as public health institutions.<\/p><p>Jayne holds a Bachelor of Science degree with first-class honours from Newcastle University. Before her career in translation, Jayne gained valuable experience as a technical writer, trainer and qualified teacher of English as a foreign language in Germany and Switzerland.<\/p><p>To find out more about Jayne, see: <a href=\"http:\/\/jfmedicaltranslation.com\/\" target=\"_blank\">jfmedicaltranslation.com<\/a>.<\/p><p>[\/et_pb_text][\/et_pb_column][\/et_pb_row][et_pb_row][et_pb_column type=\"4_4\"][et_pb_contact_form admin_label=\"Contact Form Jayne\" captcha=\"on\" email=\"jayne@jfmedicaltranslation.com\" title=\"Contact Jayne at jayne(at)jfmedicaltranslation.com or use the contact form below.\" use_border_color=\"off\" border_color=\"#ffffff\" border_style=\"solid\" custom_button=\"off\" button_letter_spacing=\"0\" button_use_icon=\"default\" button_icon_placement=\"right\" button_on_hover=\"on\" button_letter_spacing_hover=\"0\" \/][\/et_pb_column][\/et_pb_row][\/et_pb_section][et_pb_section fullwidth=\"off\" specialty=\"off\"][et_pb_row make_fullwidth=\"off\" use_custom_width=\"off\" width_unit=\"on\" use_custom_gutter=\"off\" padding_mobile=\"off\" allow_player_pause=\"off\" parallax=\"off\" parallax_method=\"off\" make_equal=\"off\"][et_pb_column type=\"4_4\"][et_pb_divider admin_label=\"Divider\" color=\"#00ae98\" show_divider=\"on\" height=\"5\" divider_style=\"solid\" divider_position=\"top\" hide_on_mobile=\"on\"] [\/et_pb_divider][et_pb_text admin_label=\"Text\" background_layout=\"light\" text_orientation=\"center\" use_border_color=\"off\" border_color=\"#ffffff\" border_style=\"solid\"]<\/p><p>The Translation Clinic is an exploration of medical translation and writing in English and German, by medical translators Imke Brodersen and Jayne Fox. It covers topics of interest to medical practitioners and health care providers as well as medical translators and writers.<\/p><p>[\/et_pb_text][\/et_pb_column][\/et_pb_row][\/et_pb_section]<\/p>","_et_gb_content_width":"","footnotes":""},"_links":{"self":[{"href":"https:\/\/translation-clinic.com\/de\/wp-json\/wp\/v2\/pages\/315"}],"collection":[{"href":"https:\/\/translation-clinic.com\/de\/wp-json\/wp\/v2\/pages"}],"about":[{"href":"https:\/\/translation-clinic.com\/de\/wp-json\/wp\/v2\/types\/page"}],"author":[{"embeddable":true,"href":"https:\/\/translation-clinic.com\/de\/wp-json\/wp\/v2\/users\/1"}],"replies":[{"embeddable":true,"href":"https:\/\/translation-clinic.com\/de\/wp-json\/wp\/v2\/comments?post=315"}],"version-history":[{"count":2,"href":"https:\/\/translation-clinic.com\/de\/wp-json\/wp\/v2\/pages\/315\/revisions"}],"predecessor-version":[{"id":1209,"href":"https:\/\/translation-clinic.com\/de\/wp-json\/wp\/v2\/pages\/315\/revisions\/1209"}],"up":[{"embeddable":true,"href":"https:\/\/translation-clinic.com\/de\/wp-json\/wp\/v2\/pages\/313"}],"wp:featuredmedia":[{"embeddable":true,"href":"https:\/\/translation-clinic.com\/de\/wp-json\/wp\/v2\/media\/1201"}],"wp:attachment":[{"href":"https:\/\/translation-clinic.com\/de\/wp-json\/wp\/v2\/media?parent=315"}],"curies":[{"name":"wp","href":"https:\/\/api.w.org\/{rel}","templated":true}]}}