{"id":318,"date":"2015-07-25T04:24:01","date_gmt":"2015-07-24T15:24:01","guid":{"rendered":"http:\/\/translation-clinic.com\/de\/?page_id=318"},"modified":"2018-05-21T12:33:21","modified_gmt":"2018-05-20T23:33:21","slug":"imke-brodersen","status":"publish","type":"page","link":"https:\/\/translation-clinic.com\/de\/ueber-uns\/imke-brodersen\/","title":{"rendered":"Imke Brodersen"},"content":{"rendered":"<p>[et_pb_section admin_label=&#8220;section&#8220; fullwidth=&#8220;on&#8220; specialty=&#8220;off&#8220; transparent_background=&#8220;off&#8220; background_color=&#8220;#00ae98&#8243; inner_shadow=&#8220;off&#8220; parallax=&#8220;off&#8220; parallax_method=&#8220;off&#8220; allow_player_pause=&#8220;off&#8220; padding_mobile=&#8220;off&#8220; make_fullwidth=&#8220;off&#8220; use_custom_width=&#8220;off&#8220; width_unit=&#8220;on&#8220; make_equal=&#8220;off&#8220; use_custom_gutter=&#8220;off&#8220;][et_pb_fullwidth_header admin_label=&#8220;Fullwidth Header&#8220; title=&#8220;Imke Brodersen&#8220; subhead=&#8220;\u00d6ffentlich bestellte und beeidigte Urkunden\u00fcbersetzerin&#8220; background_layout=&#8220;dark&#8220; text_orientation=&#8220;left&#8220; header_fullscreen=&#8220;off&#8220; header_scroll_down=&#8220;off&#8220; parallax=&#8220;off&#8220; parallax_method=&#8220;off&#8220; content_orientation=&#8220;center&#8220; image_orientation=&#8220;center&#8220; custom_button_one=&#8220;off&#8220; button_one_letter_spacing=&#8220;0&#8243; button_one_use_icon=&#8220;default&#8220; button_one_icon_placement=&#8220;right&#8220; button_one_on_hover=&#8220;on&#8220; button_one_letter_spacing_hover=&#8220;0&#8243; custom_button_two=&#8220;off&#8220; button_two_letter_spacing=&#8220;0&#8243; button_two_use_icon=&#8220;default&#8220; button_two_icon_placement=&#8220;right&#8220; button_two_on_hover=&#8220;on&#8220; button_two_letter_spacing_hover=&#8220;0&#8243;]<br \/>\n[\/et_pb_fullwidth_header][\/et_pb_section][et_pb_section admin_label=&#8220;section&#8220; transparent_background=&#8220;off&#8220; allow_player_pause=&#8220;off&#8220; inner_shadow=&#8220;off&#8220; parallax=&#8220;off&#8220; parallax_method=&#8220;off&#8220; padding_mobile=&#8220;off&#8220; make_fullwidth=&#8220;off&#8220; use_custom_width=&#8220;off&#8220; width_unit=&#8220;on&#8220; make_equal=&#8220;off&#8220; use_custom_gutter=&#8220;off&#8220;][et_pb_row admin_label=&#8220;row&#8220;][et_pb_column type=&#8220;1_3&#8243;][et_pb_image admin_label=&#8220;Image&#8220; src=&#8220;http:\/\/translation-clinic.com\/wp-content\/uploads\/2014\/12\/TC_Imke-Brodersen.jpg&#8220; alt=&#8220;Imke Brodersen&#8220; title_text=&#8220;Imke Brodersen&#8220; show_in_lightbox=&#8220;off&#8220; url_new_window=&#8220;off&#8220; animation=&#8220;off&#8220; sticky=&#8220;off&#8220; align=&#8220;left&#8220; force_fullwidth=&#8220;off&#8220; always_center_on_mobile=&#8220;on&#8220; use_border_color=&#8220;off&#8220; border_color=&#8220;#ffffff&#8220; border_style=&#8220;solid&#8220;]<br \/>\n[\/et_pb_image][\/et_pb_column][et_pb_column type=&#8220;2_3&#8243;][et_pb_text admin_label=&#8220;Text&#8220; background_layout=&#8220;light&#8220; text_orientation=&#8220;left&#8220; use_border_color=&#8220;off&#8220; border_color=&#8220;#ffffff&#8220; border_style=&#8220;solid&#8220;]<\/p>\n<p>Imke Brodersen \u00fcbersetzt seit \u00fcber 20 Jahren in den Bereichen Medizin, Literatur und Urkunden aus dem Englischen und Spanischen ins Deutsche.<\/p>\n<p>Sie ist Diplom-\u00dcbersetzerin, Fach\u00fcbersetzerin f\u00fcr Medizin und Mitglied in den deutschen \u00dcbersetzerverb\u00e4nden BD\u00dc und DV\u00dcD.<\/p>\n<p>Seit 1990 ist sie als \u00f6ffentlich bestellte und beeidigte Urkunden\u00fcbersetzerin f\u00fcr die englische Sprache beim Landgericht Karlsruhe registriert. In dieser Funktion \u00fcbersetzt sie beispielsweise Zeugnisse und medizinische Zulassungsunterlagen ins Deutsche oder Englische.<\/p>\n<p>Imke ist Expertin f\u00fcr Texte, die wissenschaftliche Informationen sprachlich kreativ und ansprechend darstellen \u2013 ob in Schulungsunterlagen, Brosch\u00fcren und Kampagnen f\u00fcr Unternehmen aus dem Medizinsektor oder in Sachb\u00fcchern und Ratgebern in den Bereichen Ern\u00e4hrung, Diabetes, Fitness, Kardiologie und Orthop\u00e4die. Zu ihren Kunden z\u00e4hlen \u00c4rzte und medizinisches Fachpersonal, kleine und mittlere Unternehmen, Verlage und \u00dcbersetzungsagenturen.<\/p>\n<p>Imke Brodersen ist Mitglied der deutschen \u00dcbersetzerverb\u00e4nde BD\u00dc und DV\u00dcD und nimmt regelm\u00e4\u00dfig Fortbildungsangebote in ihren Fachgebieten wahr. Bei Bedarf schult sie vor Ort Firmenmitarbeiter in Business English oder unterrichtet in Kliniken \u201eDeutsch f\u00fcr Mediziner\u201c.<\/p>\n<p><span style=\"line-height: 1.5;\">Weitere Informationen finden Sie auf ihrer Website <\/span><a style=\"line-height: 1.5;\" href=\"http:\/\/www.ib-trans.de\/m-imp.html\" target=\"_blank\" rel=\"noopener\">ib-trans.de<\/a><span style=\"line-height: 1.5;\">.<\/span><\/p>\n<p>Oder Sie senden eine E-Mail an info(at)ib-trans.de<\/p>\n<p>[\/et_pb_text][\/et_pb_column][\/et_pb_row][\/et_pb_section]<\/p>\n","protected":false},"excerpt":{"rendered":"<p>Imke Brodersen ist Medizin\u00fcbersetzerin (Englisch-Deutsch) und Autorin f\u00fcr Translation Clinic.<\/p>\n","protected":false},"author":1,"featured_media":0,"parent":313,"menu_order":20,"comment_status":"open","ping_status":"open","template":"","meta":{"_et_pb_use_builder":"on","_et_pb_old_content":"<p>[et_pb_section fullwidth=\"on\" specialty=\"off\" transparent_background=\"off\" background_color=\"#00ae98\" inner_shadow=\"off\" parallax=\"off\" parallax_method=\"off\" allow_player_pause=\"off\" padding_mobile=\"off\" make_fullwidth=\"off\" use_custom_width=\"off\" width_unit=\"on\" make_equal=\"off\" use_custom_gutter=\"off\"][et_pb_fullwidth_header admin_label=\"Fullwidth Header\" title=\"Imke Brodersen\" subhead=\"Publicly appointed and sworn translator\" background_layout=\"dark\" text_orientation=\"left\" header_fullscreen=\"off\" header_scroll_down=\"off\" parallax=\"off\" parallax_method=\"off\" content_orientation=\"center\" image_orientation=\"center\" custom_button_one=\"off\" button_one_letter_spacing=\"0\" button_one_use_icon=\"default\" button_one_icon_placement=\"right\" button_one_on_hover=\"on\" button_one_letter_spacing_hover=\"0\" custom_button_two=\"off\" button_two_letter_spacing=\"0\" button_two_use_icon=\"default\" button_two_icon_placement=\"right\" button_two_on_hover=\"on\" button_two_letter_spacing_hover=\"0\"] [\/et_pb_fullwidth_header][\/et_pb_section][et_pb_section transparent_background=\"off\" allow_player_pause=\"off\" inner_shadow=\"off\" parallax=\"off\" parallax_method=\"off\" padding_mobile=\"off\" make_fullwidth=\"off\" use_custom_width=\"off\" width_unit=\"on\" make_equal=\"off\" use_custom_gutter=\"off\"][et_pb_row][et_pb_column type=\"1_3\"][et_pb_image admin_label=\"Image\" src=\"http:\/\/translation-clinic.com\/wp-content\/uploads\/2014\/12\/TC_Imke-Brodersen.jpg\" alt=\"Imke Brodersen\" title_text=\"Imke Brodersen\" show_in_lightbox=\"off\" url_new_window=\"off\" animation=\"off\" sticky=\"off\" align=\"left\" force_fullwidth=\"off\" always_center_on_mobile=\"on\" use_border_color=\"off\" border_color=\"#ffffff\" border_style=\"solid\"] [\/et_pb_image][\/et_pb_column][et_pb_column type=\"2_3\"][et_pb_text admin_label=\"Text\" background_layout=\"light\" text_orientation=\"left\" use_border_color=\"off\" border_color=\"#ffffff\" border_style=\"solid\"]<\/p><p>Imke Brodersen has over 20 years of experience as a translator from English and Spanish into German, focusing on medicine, literature and the translation of official documents.<\/p><p>A certified translator and specialist in medical translation, she is a member of the German BD\u00dc and DV\u00dcD associations for translators.<\/p><p>She has been registered with the Karlsruhe Regional Court as a publicly appointed and sworn translator for the English language since 1990. This role includes translating certificates and medical registration documents into German or English.<\/p><p>Imke is particularly skilled in translating texts that require academic and scientific information to be presented in a creative and appealing way \u2013 whether training materials, brochures and campaigns for companies in the medical sector, or non-fiction books in the areas of cardiology, orthopaedics, diabetes, health and fitness and nutrition. Her customers include medical practitioners and healthcare professionals, small and medium-sized companies, publishers and translation agencies.<\/p><p>Imke Brodersen is a member of the German BD\u00dc and DV\u00dcD associations for translators and is a regular participant in continuing professional development events in her areas of expertise. She also offers on-site training in Business English for local companies and teaches \"German for medical practitioners\" in hospitals and clinics.<\/p><p>To find out more about Imke, see: <a href=\"http:\/\/www.ib-trans.de\/\" target=\"_blank\">ib-trans.de<\/a>.<\/p><p>[\/et_pb_text][\/et_pb_column][\/et_pb_row][et_pb_row make_fullwidth=\"off\" use_custom_width=\"off\" width_unit=\"on\" use_custom_gutter=\"off\" padding_mobile=\"off\" allow_player_pause=\"off\" parallax=\"off\" parallax_method=\"off\" make_equal=\"off\"][et_pb_column type=\"4_4\"][et_pb_contact_form admin_label=\"Contact Form Imke\" captcha=\"on\" email=\"info@ib-trans.de\" title=\"Contact Imke at info(at)ib-trans.de or use the contact form below.\" use_border_color=\"off\" border_color=\"#ffffff\" border_style=\"solid\" custom_button=\"off\" button_letter_spacing=\"0\" button_use_icon=\"default\" button_icon_placement=\"right\" button_on_hover=\"on\" button_letter_spacing_hover=\"0\"] [\/et_pb_contact_form][\/et_pb_column][\/et_pb_row][\/et_pb_section][et_pb_section fullwidth=\"off\" specialty=\"off\"][et_pb_row make_fullwidth=\"off\" use_custom_width=\"off\" width_unit=\"on\" use_custom_gutter=\"off\" padding_mobile=\"off\" allow_player_pause=\"off\" parallax=\"off\" parallax_method=\"off\" make_equal=\"off\"][et_pb_column type=\"4_4\"][et_pb_divider admin_label=\"Divider\" color=\"#00ae98\" show_divider=\"on\" divider_style=\"solid\" divider_position=\"top\" hide_on_mobile=\"on\"] [\/et_pb_divider][et_pb_text admin_label=\"Text\" background_layout=\"light\" text_orientation=\"center\" use_border_color=\"off\" border_color=\"#ffffff\" border_style=\"solid\"]<\/p><p>The Translation Clinic is an exploration of medical translation and writing in English and German, by medical translators Imke Brodersen and Jayne Fox. It covers topics of interest to medical practitioners and health care providers as well as medical translators and writers.<\/p><p>[\/et_pb_text][\/et_pb_column][\/et_pb_row][\/et_pb_section]<\/p>","_et_gb_content_width":"","footnotes":""},"_links":{"self":[{"href":"https:\/\/translation-clinic.com\/de\/wp-json\/wp\/v2\/pages\/318"}],"collection":[{"href":"https:\/\/translation-clinic.com\/de\/wp-json\/wp\/v2\/pages"}],"about":[{"href":"https:\/\/translation-clinic.com\/de\/wp-json\/wp\/v2\/types\/page"}],"author":[{"embeddable":true,"href":"https:\/\/translation-clinic.com\/de\/wp-json\/wp\/v2\/users\/1"}],"replies":[{"embeddable":true,"href":"https:\/\/translation-clinic.com\/de\/wp-json\/wp\/v2\/comments?post=318"}],"version-history":[{"count":2,"href":"https:\/\/translation-clinic.com\/de\/wp-json\/wp\/v2\/pages\/318\/revisions"}],"predecessor-version":[{"id":1126,"href":"https:\/\/translation-clinic.com\/de\/wp-json\/wp\/v2\/pages\/318\/revisions\/1126"}],"up":[{"embeddable":true,"href":"https:\/\/translation-clinic.com\/de\/wp-json\/wp\/v2\/pages\/313"}],"wp:attachment":[{"href":"https:\/\/translation-clinic.com\/de\/wp-json\/wp\/v2\/media?parent=318"}],"curies":[{"name":"wp","href":"https:\/\/api.w.org\/{rel}","templated":true}]}}